{"id":2,"date":"2024-10-11T07:01:48","date_gmt":"2024-10-11T07:01:48","guid":{"rendered":"https:\/\/www.complexgermany.com\/?page_id=2"},"modified":"2025-06-24T11:01:32","modified_gmt":"2025-06-24T11:01:32","slug":"sample-page","status":"publish","type":"page","link":"https:\/\/www.complexgermany.com\/cs\/","title":{"rendered":"\u00davod"},"content":{"rendered":"","protected":false},"excerpt":{"rendered":"","protected":false},"author":1,"featured_media":888,"parent":0,"menu_order":0,"comment_status":"closed","ping_status":"open","template":"page-home.php","meta":{"_acf_changed":false,"footnotes":""},"class_list":["post-2","page","type-page","status-publish","has-post-thumbnail","hentry"],"acf":[],"yoast_head":"<!-- This site is optimized with the Yoast SEO plugin v25.3 - https:\/\/yoast.com\/wordpress\/plugins\/seo\/ -->\n<title>Zam\u011bstnanci z Filip\u00edn - komplexn\u00ed \u0159e\u0161en\u00ed n\u00e1borov\u00fdch pot\u0159eb - Complex Germany<\/title>\n<meta name=\"description\" content=\"Complex Germany V\u00e1m zajist\u00ed komplexn\u00ed \u0159e\u0161en\u00ed va\u0161ich n\u00e1borov\u00fdch pot\u0159eb, zat\u00edmco vy z\u00edsk\u00e1te prostor se pln\u011b v\u011bnovat sv\u00e9mu podnik\u00e1n\u00ed.\" \/>\n<meta name=\"robots\" content=\"index, follow, max-snippet:-1, max-image-preview:large, max-video-preview:-1\" \/>\n<link rel=\"canonical\" href=\"https:\/\/www.complexgermany.com\/cs\/\" \/>\n<meta property=\"og:locale\" content=\"cs_CZ\" \/>\n<meta property=\"og:type\" content=\"article\" \/>\n<meta property=\"og:title\" content=\"Zam\u011bstnanci z Filip\u00edn - komplexn\u00ed \u0159e\u0161en\u00ed n\u00e1borov\u00fdch pot\u0159eb - Complex Germany\" \/>\n<meta property=\"og:description\" content=\"Complex Germany V\u00e1m zajist\u00ed komplexn\u00ed \u0159e\u0161en\u00ed va\u0161ich n\u00e1borov\u00fdch pot\u0159eb, zat\u00edmco vy z\u00edsk\u00e1te prostor se pln\u011b v\u011bnovat sv\u00e9mu podnik\u00e1n\u00ed.\" \/>\n<meta property=\"og:url\" content=\"https:\/\/www.complexgermany.com\/cs\/\" \/>\n<meta property=\"og:site_name\" content=\"Complex Germany\" \/>\n<meta property=\"article:modified_time\" content=\"2025-06-24T11:01:32+00:00\" \/>\n<meta property=\"og:image\" content=\"https:\/\/www.complexgermany.com\/wp-content\/uploads\/2025\/06\/home_nurse-2.png\" \/>\n\t<meta property=\"og:image:width\" content=\"2102\" \/>\n\t<meta property=\"og:image:height\" content=\"1544\" \/>\n\t<meta property=\"og:image:type\" content=\"image\/png\" \/>\n<meta name=\"twitter:card\" content=\"summary_large_image\" \/>\n<meta name=\"twitter:label1\" content=\"Odhadovan\u00e1 doba \u010dten\u00ed\" \/>\n\t<meta name=\"twitter:data1\" content=\"1 minuta\" \/>\n<script type=\"application\/ld+json\" class=\"yoast-schema-graph\">{\"@context\":\"https:\/\/schema.org\",\"@graph\":[{\"@type\":\"WebPage\",\"@id\":\"https:\/\/www.complexgermany.com\/cs\/\",\"url\":\"https:\/\/www.complexgermany.com\/cs\/\",\"name\":\"Zam\u011bstnanci z Filip\u00edn - komplexn\u00ed \u0159e\u0161en\u00ed n\u00e1borov\u00fdch pot\u0159eb - Complex Germany\",\"isPartOf\":{\"@id\":\"https:\/\/www.complexgermany.com\/#website\"},\"primaryImageOfPage\":{\"@id\":\"https:\/\/www.complexgermany.com\/cs\/#primaryimage\"},\"image\":{\"@id\":\"https:\/\/www.complexgermany.com\/cs\/#primaryimage\"},\"thumbnailUrl\":\"https:\/\/www.complexgermany.com\/wp-content\/uploads\/2025\/06\/home_nurse-2.png\",\"datePublished\":\"2024-10-11T07:01:48+00:00\",\"dateModified\":\"2025-06-24T11:01:32+00:00\",\"description\":\"Complex Germany V\u00e1m zajist\u00ed komplexn\u00ed \u0159e\u0161en\u00ed va\u0161ich n\u00e1borov\u00fdch pot\u0159eb, zat\u00edmco vy z\u00edsk\u00e1te prostor se pln\u011b v\u011bnovat sv\u00e9mu podnik\u00e1n\u00ed.\",\"breadcrumb\":{\"@id\":\"https:\/\/www.complexgermany.com\/cs\/#breadcrumb\"},\"inLanguage\":\"cs\",\"potentialAction\":[{\"@type\":\"ReadAction\",\"target\":[\"https:\/\/www.complexgermany.com\/cs\/\"]}]},{\"@type\":\"ImageObject\",\"inLanguage\":\"cs\",\"@id\":\"https:\/\/www.complexgermany.com\/cs\/#primaryimage\",\"url\":\"https:\/\/www.complexgermany.com\/wp-content\/uploads\/2025\/06\/home_nurse-2.png\",\"contentUrl\":\"https:\/\/www.complexgermany.com\/wp-content\/uploads\/2025\/06\/home_nurse-2.png\",\"width\":2102,\"height\":1544},{\"@type\":\"BreadcrumbList\",\"@id\":\"https:\/\/www.complexgermany.com\/cs\/#breadcrumb\",\"itemListElement\":[{\"@type\":\"ListItem\",\"position\":1,\"name\":\"Dom\u016f\",\"item\":\"https:\/\/www.complexgermany.com\/cs\/\"},{\"@type\":\"ListItem\",\"position\":2,\"name\":\"\u00davod\"}]},{\"@type\":\"WebSite\",\"@id\":\"https:\/\/www.complexgermany.com\/#website\",\"url\":\"https:\/\/www.complexgermany.com\/\",\"name\":\"Complex\",\"description\":\"\",\"potentialAction\":[{\"@type\":\"SearchAction\",\"target\":{\"@type\":\"EntryPoint\",\"urlTemplate\":\"https:\/\/www.complexgermany.com\/?s={search_term_string}\"},\"query-input\":{\"@type\":\"PropertyValueSpecification\",\"valueRequired\":true,\"valueName\":\"search_term_string\"}}],\"inLanguage\":\"cs\"}]}<\/script>\n<!-- \/ Yoast SEO plugin. -->","yoast_head_json":{"title":"Zam\u011bstnanci z Filip\u00edn - komplexn\u00ed \u0159e\u0161en\u00ed n\u00e1borov\u00fdch pot\u0159eb - Complex Germany","description":"Complex Germany V\u00e1m zajist\u00ed komplexn\u00ed \u0159e\u0161en\u00ed va\u0161ich n\u00e1borov\u00fdch pot\u0159eb, zat\u00edmco vy z\u00edsk\u00e1te prostor se pln\u011b v\u011bnovat sv\u00e9mu podnik\u00e1n\u00ed.","robots":{"index":"index","follow":"follow","max-snippet":"max-snippet:-1","max-image-preview":"max-image-preview:large","max-video-preview":"max-video-preview:-1"},"canonical":"https:\/\/www.complexgermany.com\/cs\/","og_locale":"cs_CZ","og_type":"article","og_title":"Zam\u011bstnanci z Filip\u00edn - komplexn\u00ed \u0159e\u0161en\u00ed n\u00e1borov\u00fdch pot\u0159eb - Complex Germany","og_description":"Complex Germany V\u00e1m zajist\u00ed komplexn\u00ed \u0159e\u0161en\u00ed va\u0161ich n\u00e1borov\u00fdch pot\u0159eb, zat\u00edmco vy z\u00edsk\u00e1te prostor se pln\u011b v\u011bnovat sv\u00e9mu podnik\u00e1n\u00ed.","og_url":"https:\/\/www.complexgermany.com\/cs\/","og_site_name":"Complex Germany","article_modified_time":"2025-06-24T11:01:32+00:00","og_image":[{"width":2102,"height":1544,"url":"https:\/\/www.complexgermany.com\/wp-content\/uploads\/2025\/06\/home_nurse-2.png","type":"image\/png"}],"twitter_card":"summary_large_image","twitter_misc":{"Odhadovan\u00e1 doba \u010dten\u00ed":"1 minuta"},"schema":{"@context":"https:\/\/schema.org","@graph":[{"@type":"WebPage","@id":"https:\/\/www.complexgermany.com\/cs\/","url":"https:\/\/www.complexgermany.com\/cs\/","name":"Zam\u011bstnanci z Filip\u00edn - komplexn\u00ed \u0159e\u0161en\u00ed n\u00e1borov\u00fdch pot\u0159eb - Complex Germany","isPartOf":{"@id":"https:\/\/www.complexgermany.com\/#website"},"primaryImageOfPage":{"@id":"https:\/\/www.complexgermany.com\/cs\/#primaryimage"},"image":{"@id":"https:\/\/www.complexgermany.com\/cs\/#primaryimage"},"thumbnailUrl":"https:\/\/www.complexgermany.com\/wp-content\/uploads\/2025\/06\/home_nurse-2.png","datePublished":"2024-10-11T07:01:48+00:00","dateModified":"2025-06-24T11:01:32+00:00","description":"Complex Germany V\u00e1m zajist\u00ed komplexn\u00ed \u0159e\u0161en\u00ed va\u0161ich n\u00e1borov\u00fdch pot\u0159eb, zat\u00edmco vy z\u00edsk\u00e1te prostor se pln\u011b v\u011bnovat sv\u00e9mu podnik\u00e1n\u00ed.","breadcrumb":{"@id":"https:\/\/www.complexgermany.com\/cs\/#breadcrumb"},"inLanguage":"cs","potentialAction":[{"@type":"ReadAction","target":["https:\/\/www.complexgermany.com\/cs\/"]}]},{"@type":"ImageObject","inLanguage":"cs","@id":"https:\/\/www.complexgermany.com\/cs\/#primaryimage","url":"https:\/\/www.complexgermany.com\/wp-content\/uploads\/2025\/06\/home_nurse-2.png","contentUrl":"https:\/\/www.complexgermany.com\/wp-content\/uploads\/2025\/06\/home_nurse-2.png","width":2102,"height":1544},{"@type":"BreadcrumbList","@id":"https:\/\/www.complexgermany.com\/cs\/#breadcrumb","itemListElement":[{"@type":"ListItem","position":1,"name":"Dom\u016f","item":"https:\/\/www.complexgermany.com\/cs\/"},{"@type":"ListItem","position":2,"name":"\u00davod"}]},{"@type":"WebSite","@id":"https:\/\/www.complexgermany.com\/#website","url":"https:\/\/www.complexgermany.com\/","name":"Complex","description":"","potentialAction":[{"@type":"SearchAction","target":{"@type":"EntryPoint","urlTemplate":"https:\/\/www.complexgermany.com\/?s={search_term_string}"},"query-input":{"@type":"PropertyValueSpecification","valueRequired":true,"valueName":"search_term_string"}}],"inLanguage":"cs"}]}},"_links":{"self":[{"href":"https:\/\/www.complexgermany.com\/cs\/wp-json\/wp\/v2\/pages\/2","targetHints":{"allow":["GET"]}}],"collection":[{"href":"https:\/\/www.complexgermany.com\/cs\/wp-json\/wp\/v2\/pages"}],"about":[{"href":"https:\/\/www.complexgermany.com\/cs\/wp-json\/wp\/v2\/types\/page"}],"author":[{"embeddable":true,"href":"https:\/\/www.complexgermany.com\/cs\/wp-json\/wp\/v2\/users\/1"}],"replies":[{"embeddable":true,"href":"https:\/\/www.complexgermany.com\/cs\/wp-json\/wp\/v2\/comments?post=2"}],"version-history":[{"count":44,"href":"https:\/\/www.complexgermany.com\/cs\/wp-json\/wp\/v2\/pages\/2\/revisions"}],"predecessor-version":[{"id":864,"href":"https:\/\/www.complexgermany.com\/cs\/wp-json\/wp\/v2\/pages\/2\/revisions\/864"}],"wp:featuredmedia":[{"embeddable":true,"href":"https:\/\/www.complexgermany.com\/cs\/wp-json\/wp\/v2\/media\/888"}],"wp:attachment":[{"href":"https:\/\/www.complexgermany.com\/cs\/wp-json\/wp\/v2\/media?parent=2"}],"curies":[{"name":"wp","href":"https:\/\/api.w.org\/{rel}","templated":true}]}}